{"id":716,"date":"2017-06-01T10:00:57","date_gmt":"2017-06-01T08:00:57","guid":{"rendered":"http:\/\/www.terratair.com\/Blog\/?page_id=716"},"modified":"2017-06-01T10:08:56","modified_gmt":"2017-06-01T08:08:56","slug":"the-traditionnel-indien-kashmiri-kahwa-tea","status":"publish","type":"page","link":"https:\/\/www.terratair.com\/Blog\/the-traditionnel-indien-kashmiri-kahwa-tea\/","title":{"rendered":"Th\u00e9 traditionnel indien : Kashmiri Kahwa Tea"},"content":{"rendered":"<p>de la part de mon amie indienne Sarah :<\/p>\n<p>Pour 1\/2l d\u2019eau, 2 cuill\u00e8res \u00e0 caf\u00e9 de th\u00e9 vert ( th\u00e9 vert au safran de Terra T&rsquo;Air)<\/p>\n<p>+ 1 b\u00e2ton de cannelle<\/p>\n<p>+ 2 clous de girofle<\/p>\n<p>+\u00a010 pistils de safran<\/p>\n<p>Faire bouillir 1 mn la cannelle et les girofles dans l&rsquo;eau. Puis hors du feu infuser le th\u00e9 vert. Enfin ajouter la safran avant de servir.<\/p>\n<p>Et voil\u00e0 on peut le sucrer (avec un peu de miel au safran par exemple) ou juste le boire nature.<\/p>\n<p>Un hiver \u00e0 c\u00f4t\u00e9 de la chemin\u00e9e et le monde n\u2019existe plus\u00a0!!!<\/p>\n<p>PS : il existe de nombreuses variantes. On peut par exemple substituer les clous de girofle par de la cardamome. On peut aussi le servir avec quelques amandes effil\u00e9s. etc &#8230;<\/p>\n","protected":false},"excerpt":{"rendered":"<p>de la part de mon amie indienne Sarah : Pour 1\/2l d\u2019eau, 2 cuill\u00e8res \u00e0 caf\u00e9 de th\u00e9 vert ( th\u00e9 vert au safran de Terra T&rsquo;Air) + 1 b\u00e2ton de cannelle + 2 clous de girofle +\u00a010 pistils de safran Faire bouillir 1 mn la cannelle et les girofles\u2026 <a class=\"continue-reading-link\" href=\"https:\/\/www.terratair.com\/Blog\/the-traditionnel-indien-kashmiri-kahwa-tea\/\">en savoir +<\/a><\/p>\n","protected":false},"author":3,"featured_media":0,"parent":0,"menu_order":0,"comment_status":"closed","ping_status":"closed","template":"templates\/template-twocolumns-right.php","meta":{"om_disable_all_campaigns":false,"sfsi_plus_gutenberg_text_before_share":"","sfsi_plus_gutenberg_show_text_before_share":"","sfsi_plus_gutenberg_icon_type":"","sfsi_plus_gutenberg_icon_alignemt":"","sfsi_plus_gutenburg_max_per_row":"","_exactmetrics_skip_tracking":false,"_exactmetrics_sitenote_active":false,"_exactmetrics_sitenote_note":"","_exactmetrics_sitenote_category":0,"_uf_show_specific_survey":0,"_uf_disable_surveys":false,"footnotes":""},"class_list":["post-716","page","type-page","status-publish","hentry"],"aioseo_notices":[],"_links":{"self":[{"href":"https:\/\/www.terratair.com\/Blog\/wp-json\/wp\/v2\/pages\/716","targetHints":{"allow":["GET"]}}],"collection":[{"href":"https:\/\/www.terratair.com\/Blog\/wp-json\/wp\/v2\/pages"}],"about":[{"href":"https:\/\/www.terratair.com\/Blog\/wp-json\/wp\/v2\/types\/page"}],"author":[{"embeddable":true,"href":"https:\/\/www.terratair.com\/Blog\/wp-json\/wp\/v2\/users\/3"}],"replies":[{"embeddable":true,"href":"https:\/\/www.terratair.com\/Blog\/wp-json\/wp\/v2\/comments?post=716"}],"version-history":[{"count":2,"href":"https:\/\/www.terratair.com\/Blog\/wp-json\/wp\/v2\/pages\/716\/revisions"}],"predecessor-version":[{"id":719,"href":"https:\/\/www.terratair.com\/Blog\/wp-json\/wp\/v2\/pages\/716\/revisions\/719"}],"wp:attachment":[{"href":"https:\/\/www.terratair.com\/Blog\/wp-json\/wp\/v2\/media?parent=716"}],"curies":[{"name":"wp","href":"https:\/\/api.w.org\/{rel}","templated":true}]}}