{"id":711,"date":"2017-06-01T09:36:45","date_gmt":"2017-06-01T07:36:45","guid":{"rendered":"http:\/\/www.terratair.com\/Blog\/?page_id=711"},"modified":"2017-06-01T09:36:45","modified_gmt":"2017-06-01T07:36:45","slug":"pates-au-safran-courgette-et-speck","status":"publish","type":"page","link":"https:\/\/www.terratair.com\/Blog\/pates-au-safran-courgette-et-speck\/","title":{"rendered":"P\u00e2tes au safran courgette et speck"},"content":{"rendered":"<p><a href=\"http:\/\/www.terratair.com\/Blog\/wp-content\/uploads\/2017\/06\/20170530_130939.jpg\"><img loading=\"lazy\" decoding=\"async\" class=\"alignright size-medium wp-image-709\" src=\"http:\/\/www.terratair.com\/Blog\/wp-content\/uploads\/2017\/06\/20170530_130939-300x169.jpg\" alt=\"\" width=\"300\" height=\"169\" srcset=\"https:\/\/www.terratair.com\/Blog\/wp-content\/uploads\/2017\/06\/20170530_130939-300x169.jpg 300w, https:\/\/www.terratair.com\/Blog\/wp-content\/uploads\/2017\/06\/20170530_130939-768x432.jpg 768w, https:\/\/www.terratair.com\/Blog\/wp-content\/uploads\/2017\/06\/20170530_130939-1024x576.jpg 1024w, https:\/\/www.terratair.com\/Blog\/wp-content\/uploads\/2017\/06\/20170530_130939-250x141.jpg 250w, https:\/\/www.terratair.com\/Blog\/wp-content\/uploads\/2017\/06\/20170530_130939-150x84.jpg 150w\" sizes=\"auto, (max-width: 300px) 100vw, 300px\" \/><\/a>De la part de mon amie italienne Chiara :<\/p>\n<p>Acheter les bonnes p\u00e2tes au safran Terra T&rsquo;Air.<\/p>\n<p>Faire r\u00f4tir les coquilles st-jacques r\u00f4ties dans un huile de noisette, ou alors dans un peu de beurre<\/p>\n<p>Cuire les p\u00e2tes al dente, \u00a0puis re-po\u00ealer avec la cr\u00e8me<\/p>\n<p>D\u00e9couper les courgettes en fines lamelles. r\u00f4tir le speck, ajouter les courgettes \u00e9minc\u00e9es, bien poivrer<\/p>\n<p>repasser les p\u00e2tes dans la po\u00eale<\/p>\n<p>servir aussit\u00f4t<\/p>\n","protected":false},"excerpt":{"rendered":"<p>De la part de mon amie italienne Chiara : Acheter les bonnes p\u00e2tes au safran Terra T&rsquo;Air. Faire r\u00f4tir les coquilles st-jacques r\u00f4ties dans un huile de noisette, ou alors dans un peu de beurre Cuire les p\u00e2tes al dente, \u00a0puis re-po\u00ealer avec la cr\u00e8me D\u00e9couper les courgettes en fines\u2026 <a class=\"continue-reading-link\" href=\"https:\/\/www.terratair.com\/Blog\/pates-au-safran-courgette-et-speck\/\">en savoir +<\/a><\/p>\n","protected":false},"author":3,"featured_media":0,"parent":0,"menu_order":0,"comment_status":"closed","ping_status":"closed","template":"templates\/template-twocolumns-right.php","meta":{"om_disable_all_campaigns":false,"sfsi_plus_gutenberg_text_before_share":"","sfsi_plus_gutenberg_show_text_before_share":"","sfsi_plus_gutenberg_icon_type":"","sfsi_plus_gutenberg_icon_alignemt":"","sfsi_plus_gutenburg_max_per_row":"","_exactmetrics_skip_tracking":false,"_exactmetrics_sitenote_active":false,"_exactmetrics_sitenote_note":"","_exactmetrics_sitenote_category":0,"_uf_show_specific_survey":0,"_uf_disable_surveys":false,"footnotes":""},"class_list":["post-711","page","type-page","status-publish","hentry"],"aioseo_notices":[],"_links":{"self":[{"href":"https:\/\/www.terratair.com\/Blog\/wp-json\/wp\/v2\/pages\/711","targetHints":{"allow":["GET"]}}],"collection":[{"href":"https:\/\/www.terratair.com\/Blog\/wp-json\/wp\/v2\/pages"}],"about":[{"href":"https:\/\/www.terratair.com\/Blog\/wp-json\/wp\/v2\/types\/page"}],"author":[{"embeddable":true,"href":"https:\/\/www.terratair.com\/Blog\/wp-json\/wp\/v2\/users\/3"}],"replies":[{"embeddable":true,"href":"https:\/\/www.terratair.com\/Blog\/wp-json\/wp\/v2\/comments?post=711"}],"version-history":[{"count":2,"href":"https:\/\/www.terratair.com\/Blog\/wp-json\/wp\/v2\/pages\/711\/revisions"}],"predecessor-version":[{"id":713,"href":"https:\/\/www.terratair.com\/Blog\/wp-json\/wp\/v2\/pages\/711\/revisions\/713"}],"wp:attachment":[{"href":"https:\/\/www.terratair.com\/Blog\/wp-json\/wp\/v2\/media?parent=711"}],"curies":[{"name":"wp","href":"https:\/\/api.w.org\/{rel}","templated":true}]}}