{"id":673,"date":"2017-03-23T18:03:19","date_gmt":"2017-03-23T17:03:19","guid":{"rendered":"http:\/\/www.terratair.com\/Blog\/?page_id=673"},"modified":"2023-09-22T15:28:00","modified_gmt":"2023-09-22T13:28:00","slug":"liens-partenaires","status":"publish","type":"page","link":"https:\/\/www.terratair.com\/Blog\/liens-partenaires\/","title":{"rendered":"Liens \/ Partenaires"},"content":{"rendered":"\n<p><strong>Ils nous font confiance :<\/strong><\/p>\n\n\n\n<p><a rel=\"noopener noreferrer\" href=\"https:\/\/www.villalacoste.com\/restaurant-provence\/\" target=\"_blank\">H\u00e9l\u00e8ne Darroze \u00e0 la Villa La Coste<\/a><\/p>\n\n\n\n<div class=\"wp-block-group\"><div class=\"wp-block-group__inner-container is-layout-flow wp-block-group-is-layout-flow\">\n<p><a href=\"http:\/\/www.unetableausud.com\/\" target=\"_blank\" rel=\"noopener noreferrer\">Une table au sud &#8211; Marseille<\/a>&nbsp;&#8211; Ludovic Turac<\/p>\n<\/div><\/div>\n\n\n\n<p><a rel=\"noopener noreferrer\" href=\"http:\/\/chateaudelapioline.com\" target=\"_blank\">Ch\u00e2teau de la Pioline &#8211; Aix en Provence<\/a>&nbsp;&#8211; Pierre Reboul<\/p>\n\n\n\n<p><a data-type=\"URL\" data-id=\"http:\/\/www.aubergelafeniere.com\/\" href=\"http:\/\/www.aubergelafeniere.com\/\" target=\"_blank\" rel=\"noreferrer noopener\">Auberge de la Feni\u00e8re &#8211; Lourmarin<\/a> &#8211; Nadia Sammut<\/p>\n\n\n\n<p><a href=\"https:\/\/www.facebook.com\/La.Bonne.Quille\/\" target=\"_blank\" rel=\"noopener\" title=\"\">La Bonne Quille &#8211; Le Puy Sainte R\u00e9parade<\/a><\/p>\n\n\n\n<p><span style=\"color: #800000;\"><strong>Les blogs ou sites amis :<\/strong><\/span><\/p>\n\n\n\n<p>Association des Safraniers de Provence : <a rel=\"noreferrer noopener\" href=\"https:\/\/www.safraniersdeprovence.fr\" data-type=\"URL\" data-id=\"https:\/\/www.safraniersdeprovence.fr\" target=\"_blank\">Association SAFRAN PROVENCE<\/a><\/p>\n\n\n\n<p>Saumoneraie Saint Martin &#8211; Pertuis :&nbsp;<a rel=\"noopener\" href=\"http:\/\/saumoneraiesaintmartin.com\" target=\"_blank\">Saumoneraie Saint Martin<\/a><\/p>\n\n\n\n<p>Spiruline :&nbsp;<a href=\"http:\/\/www.spirulineduluberon.com\" target=\"_blank\" rel=\"noopener noreferrer\">Spiruline du Luberon<\/a><\/p>\n\n\n\n<p>Th\u00e9 de Chine :&nbsp;<a rel=\"noopener noreferrer\" href=\"http:\/\/galerie-yunnan.blogspot.fr\/\" target=\"_blank\">Th\u00e9 Terre de Ciel<\/a><\/p>\n\n\n\n<p>Huile d&rsquo;Olive et Vins du Luberon :&nbsp;<a rel=\"noopener noreferrer\" href=\"http:\/\/www.bastidedulaval.com\/fr\/\" target=\"_blank\">Bastide du Laval<\/a><\/p>\n\n\n\n<p>Autres liens :<\/p>\n\n\n\n<p><a href=\"https:\/\/www.agencebio.org\/\" target=\"_blank\" rel=\"noreferrer noopener\">Agence bio<\/a><\/p>\n\n\n\n<p><a href=\"http:\/\/www.ville-lepuysaintereparade.fr\/infos-pratiques_fr\/les-pros-du-puy\/\" target=\"_blank\" rel=\"noopener\">Mairie du Puy Sainte R\u00e9parade<\/a><\/p>\n\n\n","protected":false},"excerpt":{"rendered":"<p>Ils nous font confiance : H\u00e9l\u00e8ne Darroze \u00e0 la Villa La Coste Une table au sud &#8211; Marseille&nbsp;&#8211; Ludovic Turac Ch\u00e2teau de la Pioline &#8211; Aix en Provence&nbsp;&#8211; Pierre Reboul Auberge de la Feni\u00e8re &#8211; Lourmarin &#8211; Nadia Sammut La Bonne Quille &#8211; Le Puy Sainte R\u00e9parade Les blogs ou\u2026 <a class=\"continue-reading-link\" href=\"https:\/\/www.terratair.com\/Blog\/liens-partenaires\/\">en savoir +<\/a><\/p>\n","protected":false},"author":3,"featured_media":0,"parent":0,"menu_order":0,"comment_status":"closed","ping_status":"open","template":"templates\/template-onecolumn.php","meta":{"om_disable_all_campaigns":false,"sfsi_plus_gutenberg_text_before_share":"","sfsi_plus_gutenberg_show_text_before_share":"","sfsi_plus_gutenberg_icon_type":"","sfsi_plus_gutenberg_icon_alignemt":"","sfsi_plus_gutenburg_max_per_row":"","_exactmetrics_skip_tracking":false,"_exactmetrics_sitenote_active":false,"_exactmetrics_sitenote_note":"","_exactmetrics_sitenote_category":0,"_uf_show_specific_survey":0,"_uf_disable_surveys":false,"footnotes":""},"class_list":["post-673","page","type-page","status-publish","hentry"],"aioseo_notices":[],"_links":{"self":[{"href":"https:\/\/www.terratair.com\/Blog\/wp-json\/wp\/v2\/pages\/673","targetHints":{"allow":["GET"]}}],"collection":[{"href":"https:\/\/www.terratair.com\/Blog\/wp-json\/wp\/v2\/pages"}],"about":[{"href":"https:\/\/www.terratair.com\/Blog\/wp-json\/wp\/v2\/types\/page"}],"author":[{"embeddable":true,"href":"https:\/\/www.terratair.com\/Blog\/wp-json\/wp\/v2\/users\/3"}],"replies":[{"embeddable":true,"href":"https:\/\/www.terratair.com\/Blog\/wp-json\/wp\/v2\/comments?post=673"}],"version-history":[{"count":25,"href":"https:\/\/www.terratair.com\/Blog\/wp-json\/wp\/v2\/pages\/673\/revisions"}],"predecessor-version":[{"id":1255,"href":"https:\/\/www.terratair.com\/Blog\/wp-json\/wp\/v2\/pages\/673\/revisions\/1255"}],"wp:attachment":[{"href":"https:\/\/www.terratair.com\/Blog\/wp-json\/wp\/v2\/media?parent=673"}],"curies":[{"name":"wp","href":"https:\/\/api.w.org\/{rel}","templated":true}]}}