{"id":67,"date":"2013-11-07T23:54:44","date_gmt":"2013-11-07T22:54:44","guid":{"rendered":"http:\/\/www.terratair.com\/Blog\/?page_id=67"},"modified":"2021-10-26T11:29:11","modified_gmt":"2021-10-26T09:29:11","slug":"safran-du-puy","status":"publish","type":"page","link":"https:\/\/www.terratair.com\/Blog\/safran-du-puy\/","title":{"rendered":"SAFRAN DU PUY SAINTE REPARADE"},"content":{"rendered":"<h3 align=\"CENTER\">Safran cultiv\u00e9 et produit en Provence<\/h3>\n<p>Le\u00a0Safran du Puy Sainte R\u00e9parade, produit\u00a0naturel certifi\u00e9 bio (par Ecocert) est cultiv\u00e9\u00a0aux portes d&rsquo;\u00a0Aix-en-Provence.\u00a0<img loading=\"lazy\" decoding=\"async\" class=\"alignright wp-image-565 size-medium\" src=\"http:\/\/www.terratair.com\/Blog\/wp-content\/uploads\/2017\/01\/ab_haute_def-249x300.jpg\" width=\"249\" height=\"300\" srcset=\"https:\/\/www.terratair.com\/Blog\/wp-content\/uploads\/2017\/01\/ab_haute_def-249x300.jpg 249w, https:\/\/www.terratair.com\/Blog\/wp-content\/uploads\/2017\/01\/ab_haute_def-768x926.jpg 768w, https:\/\/www.terratair.com\/Blog\/wp-content\/uploads\/2017\/01\/ab_haute_def-124x150.jpg 124w, https:\/\/www.terratair.com\/Blog\/wp-content\/uploads\/2017\/01\/ab_haute_def.jpg 800w\" sizes=\"auto, (max-width: 249px) 100vw, 249px\" \/>L&rsquo;exploitation agricole est situ\u00e9e sur la commune du\u00a0Puy Sainte R\u00e9parade (Bouches du Rh\u00f4ne) et s\u2019\u00e9tend\u00a0sur 3ha dont une partie est consacr\u00e9e \u00e0 la culture du crocus sativus, la plante qui donne naissance au safran. La 1 \u00e8re safraneraie fut plant\u00e9e en ao\u00fbt 2010 sur 2000 m\u00b2, une seconde parcelle de 2500 m\u00b2 le fut durant l&rsquo;\u00e9t\u00e9 2012. Enfin la troisi\u00e8me, la plus r\u00e9cente, est d\u00e9sormais en place depuis 2016.<img loading=\"lazy\" decoding=\"async\" class=\"size-medium wp-image-274 alignleft\" src=\"http:\/\/www.terratair.com\/Blog\/wp-content\/uploads\/2016\/05\/safran-gros-plan-225x300.jpg\" alt=\"safran gros plan\" width=\"225\" height=\"300\" srcset=\"https:\/\/www.terratair.com\/Blog\/wp-content\/uploads\/2016\/05\/safran-gros-plan-225x300.jpg 225w, https:\/\/www.terratair.com\/Blog\/wp-content\/uploads\/2016\/05\/safran-gros-plan-768x1024.jpg 768w, https:\/\/www.terratair.com\/Blog\/wp-content\/uploads\/2016\/05\/safran-gros-plan-113x150.jpg 113w, https:\/\/www.terratair.com\/Blog\/wp-content\/uploads\/2016\/05\/safran-gros-plan.jpg 1536w\" sizes=\"auto, (max-width: 225px) 100vw, 225px\" \/><\/p>\n<p>Le safran est une \u00e9pice issue de cette fleur de crocus dont on extrait le pistil, et qui fait ensuite l&rsquo;objet d&rsquo;un s\u00e9chage d\u00e9licat.\u00a0La France \u00e9tait au 19 \u00e8me\u00a0si\u00e8cle\u00a0un des plus gros producteur de safran au monde. En\u00a0Provence, la plante appr\u00e9cie le contraste entre la chaleur des\u00a0journ\u00e9es\u00a0automnales et la froidure des nuits.<\/p>\n<p>Le safran connait aujourd&rsquo;hui un regain d&rsquo;int\u00e9r\u00eat partout dans le monde car il poss\u00e8de de nombreux atouts et de nombreuses\u00a0vertus. Mais attention aux fraudeurs, ils sont l\u00e9gion !\u00a0Pr\u00e9f\u00e9rez toujours le safran en filaments, toujours de cat\u00e9gorie 1 (norme ISO 3632, exigez l&rsquo;analyse du laboratoire) et certifi\u00e9 bio.<\/p>\n<p>A d\u00e9faut de pouvoir le go\u00fbter, les filaments doivent \u00eatre sec, l\u00e9g\u00e8rement cassant, d&rsquo;un rouge profond sans la partie blanche ou m\u00eame orang\u00e9e.<\/p>\n<p><strong>Petit test imparable : Ecrasez un infime morceau de filament ou de poudre de safran sur la peau de votre main avec un peu de salive et observer imm\u00e9diatement la couleur jaune.<\/strong><\/p>\n<p>Au nez, l&rsquo;odeur du safran doit \u00eatre forte, franche et \u00ab\u00a0agr\u00e9able\u00a0\u00bb. Elle \u00e9volue en fonction de son \u00e2ge. Le safran r\u00e9colt\u00e9 de l&rsquo;ann\u00e9e aura une odeur douce. Au fil des ann\u00e9es, l&rsquo;odeur aura tendance \u00e0 se renforcer en intensit\u00e9 gr\u00e2ce \u00e0 une transformation enzymatique favorisant la mol\u00e9cule de safranal \u00e0 l&rsquo;origine de l&rsquo;ar\u00f4me du safran.<\/p>\n<p>Le terroir est aussi important pour cette \u00e9pice. La Provence est une r\u00e9gion o\u00f9 la terre et les pratiques culturales donnent un safran unique au monde reconnu notamment pour ses qualit\u00e9s gustatives. L&rsquo;ensoleillement, les qualit\u00e9s filtrantes du sol, et les grandes amplitudes de temp\u00e9ratures lui conf\u00e8re une saveur in\u00e9gal\u00e9e que l&rsquo;on retrouve notamment dans le plus embl\u00e9matique des plats de Provence : La Bouillabaisse !<\/p>\n<p>Dans le cadre de notre affiliation \u00e0 l&rsquo;association SAFRAN PROVENCE, le Safran du Puy Sainte R\u00e9parade s&rsquo;engage \u00e0 produire un safran conforme \u00e0 la charte de qualit\u00e9 du safran de Provence. Chaque r\u00e9colte de safran fait l&rsquo;objet d&rsquo;une analyse spetrophotom\u00e9trique selon la m\u00e9thode ISO 3632 dont le rapport est publi\u00e9 sur ce site (voir les articles du blog). Depuis son origine, la safran du Puy Sainte R\u00e9parade est conforme \u00e0 la cat\u00e9gorie 1 de la norme ISO3632, c&rsquo;est \u00e0 dire la plus haute qualit\u00e9.<img loading=\"lazy\" decoding=\"async\" class=\"alignright wp-image-435 size-thumbnail\" src=\"http:\/\/www.terratair.com\/Blog\/wp-content\/uploads\/2016\/10\/logo-shp-150x150.png\" width=\"150\" height=\"150\" \/><\/p>\n<p>Le Safran du Puy Sainte R\u00e9parade est utilis\u00e9 par de nombreux chefs de cuisine gastronomique.<\/p>\n<p>Le Safran du Puy Sainte R\u00e9parade et ses produits d\u00e9riv\u00e9s peuvent \u00eatre\u00a0achet\u00e9s directement sur la boutique en ligne :<\/p>\n<p><a href=\"http:\/\/www.terratair.com\/terrashop\" target=\"_blank\" rel=\"noopener noreferrer\">http:\/\/www.terratair.com<\/a><\/p>\n<p>Contact:\u00a0Email: oreboul@terratair.com<\/p>\n<p style=\"text-align: center;\">!! NEWS !!<\/p>\n<p style=\"text-align: center;\">La r\u00e9colte 2018 du safran du Puy Sainte R\u00e9parade a \u00e9t\u00e9 r\u00e9compens\u00e9 par une m\u00e9daille d&rsquo;argent au concours g\u00e9n\u00e9ral agricole 2019 \u00e0 Paris. Reconnaissance d&rsquo;un travail de fond pour la haute gastronomie fran\u00e7aise.<\/p>\n<p><a href=\"http:\/\/www.terratair.com\/Blog\/Blog\/2019\/02\/medaille-le-safran-du-puy-sainte-reparade\/medaille-argent-2019-rvb-2\/\" rel=\"attachment wp-att-904\"><img loading=\"lazy\" decoding=\"async\" class=\"aligncenter wp-image-904 size-thumbnail\" src=\"http:\/\/www.terratair.com\/Blog\/wp-content\/uploads\/2019\/03\/Medaille-Argent-2019-RVB-1-150x150.png\" alt=\"\" width=\"150\" height=\"150\" srcset=\"https:\/\/www.terratair.com\/Blog\/wp-content\/uploads\/2019\/03\/Medaille-Argent-2019-RVB-1-150x150.png 150w, https:\/\/www.terratair.com\/Blog\/wp-content\/uploads\/2019\/03\/Medaille-Argent-2019-RVB-1-300x300.png 300w, https:\/\/www.terratair.com\/Blog\/wp-content\/uploads\/2019\/03\/Medaille-Argent-2019-RVB-1-768x768.png 768w, https:\/\/www.terratair.com\/Blog\/wp-content\/uploads\/2019\/03\/Medaille-Argent-2019-RVB-1.png 784w\" sizes=\"auto, (max-width: 150px) 100vw, 150px\" \/><\/a><\/p>\n<p style=\"text-align: center;\">!! Information !!<\/p>\n<p style=\"text-align: center;\">Terratair est membre de la communaut\u00e9 Abritel et dispose d&rsquo;un g\u00eete pour 4 personnes<\/p>\n<div class=\"airbnb-embed-frame\" style=\"max-width: 600px; margin: auto; transition: height .2s;\" data-city-link-index=\"1\" data-eb=\"1494839939_AVezxnYze82dXKiK\" data-eu=\"BjLWwheBV8zLTopQsrNGWs9sJB3eUczJGvANUlDLzEl7Jt3lfdP0g+25nJoo eeyLXURPpC6RFdiuynmV8ObWhOn\/RcWWbm\/JRAobhs1rI912qSREYiWNzmkb oltF8tbBPxf+wscNMIGyYJUQqjZK50d0BH\/EQxYdC4iLrcgsWLMBFBaFgdtP JkI8XbrdM6He2fPDHYF4vCSPiGtpFOgCX9DYfNpgfrMaCAcoeUHIlDoSrUeU R+nHJdtttbSQb5NKXiIL5B0pPMBIgI4E8E7K2H8xxNPdIvyckJ4JPmsiEFme O4YjpcdxEBiTyTGHijuZKoO7MobtWf0YShyRxOVQkw== \" data-embed-source-type=\"badge_center\" data-trigger-source-type=\"badge_center\" data-listing-id=\"8268289\" data-photo-url=\"https:\/\/a0.muscache.com\/im\/pictures\/2dc96e4c-57f5-41b6-b9af-6aa2bcbaaa29.jpg?aki_policy=x_large\" data-view=\"listing_frame\">\n<p><a href=\"https:\/\/youtu.be\/x4HV3-T2R30\"><img loading=\"lazy\" decoding=\"async\" class=\"alignnone\" style=\"max-width: 100%;\" src=\"https:\/\/a0.muscache.com\/im\/pictures\/2dc96e4c-57f5-41b6-b9af-6aa2bcbaaa29.jpg?aki_policy=x_large\" alt=\"\" width=\"1024\" height=\"683\" \/><\/a><\/p>\n<div>\n<h4>La Safraneraie<\/h4>\n<p>\u00a0<\/p>\n<div>Le Puy-Sainte-R\u00e9parade, Provence-Alpes-C\u00f4te d&rsquo;Azur, France<\/div>\n<blockquote>\n<p>Maisonnette de charme situ\u00e9e sur un domaine o\u00f9 l&rsquo;on cultive le safran. Calme, Nature et S\u00e9r\u00e9nit\u00e9 \u00e0 20mn d&rsquo;Aix en Pce ou 20mn du Luberon.<\/p>\n<\/blockquote>\n<\/div>\n<\/div>\n\n\n<p><\/p>\n","protected":false},"excerpt":{"rendered":"<p>Safran cultiv\u00e9 et produit en Provence Le\u00a0Safran du Puy Sainte R\u00e9parade, produit\u00a0naturel certifi\u00e9 bio (par Ecocert) est cultiv\u00e9\u00a0aux portes d&rsquo;\u00a0Aix-en-Provence.\u00a0L&rsquo;exploitation agricole est situ\u00e9e sur la commune du\u00a0Puy Sainte R\u00e9parade (Bouches du Rh\u00f4ne) et s\u2019\u00e9tend\u00a0sur 3ha dont une partie est consacr\u00e9e \u00e0 la culture du crocus sativus, la plante qui donne\u2026 <a class=\"continue-reading-link\" href=\"https:\/\/www.terratair.com\/Blog\/safran-du-puy\/\">en savoir +<\/a><\/p>\n","protected":false},"author":1,"featured_media":921,"parent":0,"menu_order":0,"comment_status":"closed","ping_status":"open","template":"","meta":{"om_disable_all_campaigns":false,"sfsi_plus_gutenberg_text_before_share":"","sfsi_plus_gutenberg_show_text_before_share":"","sfsi_plus_gutenberg_icon_type":"","sfsi_plus_gutenberg_icon_alignemt":"","sfsi_plus_gutenburg_max_per_row":"","_exactmetrics_skip_tracking":false,"_exactmetrics_sitenote_active":false,"_exactmetrics_sitenote_note":"","_exactmetrics_sitenote_category":0,"_uf_show_specific_survey":0,"_uf_disable_surveys":false,"footnotes":""},"class_list":["post-67","page","type-page","status-publish","has-post-thumbnail","hentry"],"aioseo_notices":[],"_links":{"self":[{"href":"https:\/\/www.terratair.com\/Blog\/wp-json\/wp\/v2\/pages\/67","targetHints":{"allow":["GET"]}}],"collection":[{"href":"https:\/\/www.terratair.com\/Blog\/wp-json\/wp\/v2\/pages"}],"about":[{"href":"https:\/\/www.terratair.com\/Blog\/wp-json\/wp\/v2\/types\/page"}],"author":[{"embeddable":true,"href":"https:\/\/www.terratair.com\/Blog\/wp-json\/wp\/v2\/users\/1"}],"replies":[{"embeddable":true,"href":"https:\/\/www.terratair.com\/Blog\/wp-json\/wp\/v2\/comments?post=67"}],"version-history":[{"count":16,"href":"https:\/\/www.terratair.com\/Blog\/wp-json\/wp\/v2\/pages\/67\/revisions"}],"predecessor-version":[{"id":1209,"href":"https:\/\/www.terratair.com\/Blog\/wp-json\/wp\/v2\/pages\/67\/revisions\/1209"}],"wp:featuredmedia":[{"embeddable":true,"href":"https:\/\/www.terratair.com\/Blog\/wp-json\/wp\/v2\/media\/921"}],"wp:attachment":[{"href":"https:\/\/www.terratair.com\/Blog\/wp-json\/wp\/v2\/media?parent=67"}],"curies":[{"name":"wp","href":"https:\/\/api.w.org\/{rel}","templated":true}]}}