{"id":605,"date":"2017-01-09T18:28:12","date_gmt":"2017-01-09T17:28:12","guid":{"rendered":"http:\/\/www.terratair.com\/Blog\/?page_id=605"},"modified":"2017-01-09T18:47:24","modified_gmt":"2017-01-09T17:47:24","slug":"rhum-arrange-au-safran","status":"publish","type":"page","link":"https:\/\/www.terratair.com\/Blog\/rhum-arrange-au-safran\/","title":{"rendered":"Rhum arrang\u00e9 au safran"},"content":{"rendered":"<p>Recette pour 70cl de Rhum<\/p>\n<p align=\"LEFT\">Pr\u00e9paration : 15mn<\/p>\n<p align=\"LEFT\">Infusion : 12 heures<\/p>\n<p align=\"LEFT\">Ingr\u00e9dients :<\/p>\n<ul>\n<li>\n<p align=\"LEFT\">70cl de rhum blanc<\/p>\n<\/li>\n<li>\n<p align=\"LEFT\">50g de sucre<\/p>\n<\/li>\n<li>\n<p align=\"LEFT\">0.1g de safran<\/p>\n<\/li>\n<li>\n<p align=\"LEFT\">1 orange<\/p>\n<\/li>\n<li>\n<p align=\"LEFT\">2 b\u00e2tons de cannelle<\/p>\n<\/li>\n<li>\n<p align=\"LEFT\">4 poires bien m\u00fbres<\/p>\n<\/li>\n<\/ul>\n<p align=\"LEFT\">Pr\u00e9paration :<\/p>\n<p align=\"LEFT\">R\u00e9unir tous les ingr\u00e9dients, laisser infuser 3 mois avant de consommer.<\/p>\n","protected":false},"excerpt":{"rendered":"<p>Recette pour 70cl de Rhum Pr\u00e9paration : 15mn Infusion : 12 heures Ingr\u00e9dients : 70cl de rhum blanc 50g de sucre 0.1g de safran 1 orange 2 b\u00e2tons de cannelle 4 poires bien m\u00fbres Pr\u00e9paration : R\u00e9unir tous les ingr\u00e9dients, laisser infuser 3 mois avant de consommer. <a class=\"continue-reading-link\" href=\"https:\/\/www.terratair.com\/Blog\/rhum-arrange-au-safran\/\">en savoir +<\/a><\/p>\n","protected":false},"author":3,"featured_media":0,"parent":0,"menu_order":0,"comment_status":"open","ping_status":"open","template":"","meta":{"om_disable_all_campaigns":false,"sfsi_plus_gutenberg_text_before_share":"","sfsi_plus_gutenberg_show_text_before_share":"","sfsi_plus_gutenberg_icon_type":"","sfsi_plus_gutenberg_icon_alignemt":"","sfsi_plus_gutenburg_max_per_row":"","_exactmetrics_skip_tracking":false,"_exactmetrics_sitenote_active":false,"_exactmetrics_sitenote_note":"","_exactmetrics_sitenote_category":0,"_uf_show_specific_survey":0,"_uf_disable_surveys":false,"footnotes":""},"class_list":["post-605","page","type-page","status-publish","hentry"],"aioseo_notices":[],"_links":{"self":[{"href":"https:\/\/www.terratair.com\/Blog\/wp-json\/wp\/v2\/pages\/605","targetHints":{"allow":["GET"]}}],"collection":[{"href":"https:\/\/www.terratair.com\/Blog\/wp-json\/wp\/v2\/pages"}],"about":[{"href":"https:\/\/www.terratair.com\/Blog\/wp-json\/wp\/v2\/types\/page"}],"author":[{"embeddable":true,"href":"https:\/\/www.terratair.com\/Blog\/wp-json\/wp\/v2\/users\/3"}],"replies":[{"embeddable":true,"href":"https:\/\/www.terratair.com\/Blog\/wp-json\/wp\/v2\/comments?post=605"}],"version-history":[{"count":2,"href":"https:\/\/www.terratair.com\/Blog\/wp-json\/wp\/v2\/pages\/605\/revisions"}],"predecessor-version":[{"id":610,"href":"https:\/\/www.terratair.com\/Blog\/wp-json\/wp\/v2\/pages\/605\/revisions\/610"}],"wp:attachment":[{"href":"https:\/\/www.terratair.com\/Blog\/wp-json\/wp\/v2\/media?parent=605"}],"curies":[{"name":"wp","href":"https:\/\/api.w.org\/{rel}","templated":true}]}}