{"id":603,"date":"2017-01-09T18:27:23","date_gmt":"2017-01-09T17:27:23","guid":{"rendered":"http:\/\/www.terratair.com\/Blog\/?page_id=603"},"modified":"2017-01-09T18:42:44","modified_gmt":"2017-01-09T17:42:44","slug":"poire-pochee-au-safran-et-badiane","status":"publish","type":"page","link":"https:\/\/www.terratair.com\/Blog\/poire-pochee-au-safran-et-badiane\/","title":{"rendered":"Poire poch\u00e9e au safran et badiane"},"content":{"rendered":"<p>Recette de cuisine pour 4 personnes<\/p>\n<p align=\"LEFT\">Pr\u00e9paration : 15mn<\/p>\n<p align=\"LEFT\">Infusion : 12 heures<\/p>\n<p align=\"LEFT\">Ingr\u00e9dients :<\/p>\n<ul>\n<li>\n<p align=\"LEFT\">4 poires bien m\u00fbres<\/p>\n<\/li>\n<li>\n<p align=\"LEFT\">0.8l d\u2019eau<\/p>\n<\/li>\n<li>\n<p align=\"LEFT\">160g de sucre blanc<\/p>\n<\/li>\n<li>\n<p align=\"LEFT\">0.1g de safran<\/p>\n<\/li>\n<li>\n<p align=\"LEFT\">2 badianes<\/p>\n<\/li>\n<\/ul>\n<p align=\"LEFT\">En cuisine :<\/p>\n<ol>\n<li>\n<p align=\"LEFT\">Porter l\u2019eau et le sucre \u00e0 \u00e9bullition<\/p>\n<\/li>\n<li>\n<p align=\"LEFT\">ajouter les poires \u00e9pluch\u00e9es enti\u00e8res<\/p>\n<\/li>\n<li>\n<p align=\"LEFT\">cuire 15 minutes \u00e0 fr\u00e9missement, sortir du feu<\/p>\n<\/li>\n<li>\n<p align=\"LEFT\">ajouter le safran et la badiane<\/p>\n<\/li>\n<li>\n<p align=\"LEFT\">laisser refroidir et infuser 12 heures avant de servir<\/p>\n<\/li>\n<\/ol>\n<p align=\"LEFT\">\n","protected":false},"excerpt":{"rendered":"<p>Recette de cuisine pour 4 personnes Pr\u00e9paration : 15mn Infusion : 12 heures Ingr\u00e9dients : 4 poires bien m\u00fbres 0.8l d\u2019eau 160g de sucre blanc 0.1g de safran 2 badianes En cuisine : Porter l\u2019eau et le sucre \u00e0 \u00e9bullition ajouter les poires \u00e9pluch\u00e9es enti\u00e8res cuire 15 minutes \u00e0 fr\u00e9missement,\u2026 <a class=\"continue-reading-link\" href=\"https:\/\/www.terratair.com\/Blog\/poire-pochee-au-safran-et-badiane\/\">en savoir +<\/a><\/p>\n","protected":false},"author":3,"featured_media":0,"parent":0,"menu_order":0,"comment_status":"closed","ping_status":"closed","template":"templates\/template-twocolumns-right.php","meta":{"om_disable_all_campaigns":false,"sfsi_plus_gutenberg_text_before_share":"","sfsi_plus_gutenberg_show_text_before_share":"","sfsi_plus_gutenberg_icon_type":"","sfsi_plus_gutenberg_icon_alignemt":"","sfsi_plus_gutenburg_max_per_row":"","_exactmetrics_skip_tracking":false,"_exactmetrics_sitenote_active":false,"_exactmetrics_sitenote_note":"","_exactmetrics_sitenote_category":0,"_uf_show_specific_survey":0,"_uf_disable_surveys":false,"footnotes":""},"class_list":["post-603","page","type-page","status-publish","hentry"],"aioseo_notices":[],"_links":{"self":[{"href":"https:\/\/www.terratair.com\/Blog\/wp-json\/wp\/v2\/pages\/603","targetHints":{"allow":["GET"]}}],"collection":[{"href":"https:\/\/www.terratair.com\/Blog\/wp-json\/wp\/v2\/pages"}],"about":[{"href":"https:\/\/www.terratair.com\/Blog\/wp-json\/wp\/v2\/types\/page"}],"author":[{"embeddable":true,"href":"https:\/\/www.terratair.com\/Blog\/wp-json\/wp\/v2\/users\/3"}],"replies":[{"embeddable":true,"href":"https:\/\/www.terratair.com\/Blog\/wp-json\/wp\/v2\/comments?post=603"}],"version-history":[{"count":2,"href":"https:\/\/www.terratair.com\/Blog\/wp-json\/wp\/v2\/pages\/603\/revisions"}],"predecessor-version":[{"id":615,"href":"https:\/\/www.terratair.com\/Blog\/wp-json\/wp\/v2\/pages\/603\/revisions\/615"}],"wp:attachment":[{"href":"https:\/\/www.terratair.com\/Blog\/wp-json\/wp\/v2\/media?parent=603"}],"curies":[{"name":"wp","href":"https:\/\/api.w.org\/{rel}","templated":true}]}}