{"id":593,"date":"2017-01-05T09:23:42","date_gmt":"2017-01-05T08:23:42","guid":{"rendered":"http:\/\/www.terratair.com\/Blog\/?page_id=593"},"modified":"2023-09-22T15:29:13","modified_gmt":"2023-09-22T13:29:13","slug":"nous-trouver","status":"publish","type":"page","link":"https:\/\/www.terratair.com\/Blog\/nous-trouver\/","title":{"rendered":"Nous trouver"},"content":{"rendered":"<p>En plus de la vente sur place (appel pr\u00e9alable au 06 99 85 66 52) et notre <a href=\"https:\/\/www.terratair.com\/terrashop\" target=\"_blank\" rel=\"noopener\">boutique internet<\/a>, vous pouvez trouver nos produits sur les points de vente suivants :<\/p>\n<ul>\n<li>Ch\u00e2teau La Coste, 2750 route de la Cride 13610 Le Puy Sainte R\u00e9parade. 04 42 61 89 98<\/li>\n<li>Domaine Les Bastides, Vins bio, Route de St Canadet 13610 Le Puy Sainte R\u00e9parade. 04 42 61 97 66<\/li>\n<li>Saumoneraie de Saint Martin, 270 rue Fran\u00e7ois Gernelle 84120 Pertuis.\u00a004 90 77 86 81<\/li>\n<li>Le Luberon Paysan, coop\u00e9rative de producteurs, 176 bld saint Roch 84240 La Tour D&rsquo;Aigues. 04 90 07 34 93<\/li>\n<\/ul>\n<p>Suivez-nous sur notre <a href=\"http:\/\/www.terratair.com\/Blog\/Blog\/category\/evenements\/\" target=\"_blank\" rel=\"noopener\">Blog<\/a>\u00a0pour \u00eatre inform\u00e9 sur notre participation aux \u00e9v\u00e9nements, foires, march\u00e9s th\u00e9matiques etc &#8230;<\/p>\n","protected":false},"excerpt":{"rendered":"<p>En plus de la vente sur place (appel pr\u00e9alable au 06 99 85 66 52) et notre boutique internet, vous pouvez trouver nos produits sur les points de vente suivants : Ch\u00e2teau La Coste, 2750 route de la Cride 13610 Le Puy Sainte R\u00e9parade. 04 42 61 89 98 Domaine\u2026 <a class=\"continue-reading-link\" href=\"https:\/\/www.terratair.com\/Blog\/nous-trouver\/\">en savoir +<\/a><\/p>\n","protected":false},"author":3,"featured_media":0,"parent":0,"menu_order":0,"comment_status":"closed","ping_status":"open","template":"","meta":{"om_disable_all_campaigns":false,"sfsi_plus_gutenberg_text_before_share":"","sfsi_plus_gutenberg_show_text_before_share":"","sfsi_plus_gutenberg_icon_type":"","sfsi_plus_gutenberg_icon_alignemt":"","sfsi_plus_gutenburg_max_per_row":"","_exactmetrics_skip_tracking":false,"_exactmetrics_sitenote_active":false,"_exactmetrics_sitenote_note":"","_exactmetrics_sitenote_category":0,"_uf_show_specific_survey":0,"_uf_disable_surveys":false,"footnotes":""},"class_list":["post-593","page","type-page","status-publish","hentry"],"aioseo_notices":[],"_links":{"self":[{"href":"https:\/\/www.terratair.com\/Blog\/wp-json\/wp\/v2\/pages\/593","targetHints":{"allow":["GET"]}}],"collection":[{"href":"https:\/\/www.terratair.com\/Blog\/wp-json\/wp\/v2\/pages"}],"about":[{"href":"https:\/\/www.terratair.com\/Blog\/wp-json\/wp\/v2\/types\/page"}],"author":[{"embeddable":true,"href":"https:\/\/www.terratair.com\/Blog\/wp-json\/wp\/v2\/users\/3"}],"replies":[{"embeddable":true,"href":"https:\/\/www.terratair.com\/Blog\/wp-json\/wp\/v2\/comments?post=593"}],"version-history":[{"count":12,"href":"https:\/\/www.terratair.com\/Blog\/wp-json\/wp\/v2\/pages\/593\/revisions"}],"predecessor-version":[{"id":1256,"href":"https:\/\/www.terratair.com\/Blog\/wp-json\/wp\/v2\/pages\/593\/revisions\/1256"}],"wp:attachment":[{"href":"https:\/\/www.terratair.com\/Blog\/wp-json\/wp\/v2\/media?parent=593"}],"curies":[{"name":"wp","href":"https:\/\/api.w.org\/{rel}","templated":true}]}}